{"id":2237,"date":"2025-08-25T11:57:36","date_gmt":"2025-08-25T09:57:36","guid":{"rendered":"https:\/\/lobus.cl\/online\/revlon\/producto\/plancha-infraradiance-revlon\/"},"modified":"2025-08-25T19:04:11","modified_gmt":"2025-08-25T17:04:11","slug":"plancha-infraradiance-revlon","status":"publish","type":"product","link":"https:\/\/lobus.cl\/online\/revlon\/producto\/plancha-infraradiance-revlon\/","title":{"rendered":"Plancha Infraradiance Revlon"},"content":{"rendered":"<div class=\"descripcion\">\n<p><strong>Plancha Infraradiance Revlon<\/strong><\/p>\n<p>CODIGO DEL PRODUCTO:\u00a0I289RVST2087<\/p>\n<p>Cable giratorio profesional libre de enredos<\/p>\n<p>Auto apagado<\/p>\n<p>Bot\u00f3n de encendido y apagado<\/p>\n<p>30 Niveles de temperatura<\/p>\n<p>Para estilizados r\u00e1pidos y resultados \u00f3ptimos.<\/p>\n<p>215\u00b0 C Temperatura alta<\/p>\n<p>Placas de 1 1\/4\u201d<\/p>\n<p>Alto grado de recubrimiento de Cer\u00e1mica y Turmalina premium que permiten\u00a0un mayor incremento de la temperatura, para alisados r\u00e1pidos, con menos da\u00f1os y m\u00e1s brillo.\u00a0Proporciona una distribuci\u00f3n de calor uniforme, que penetra el cabello de adentro hacia afuera,\u00a0sellando la cut\u00edcula y alisando el cabello en un tiempo menor con resultados superiores.<\/p>\n<p>Recubrimiento de Cer\u00e1mica y Turmalina<\/p>\n<p>Penetra la corteza del cabello ayudando a mantener a humedad natural del cabello y protegi\u00e9ndolo del da\u00f1o provocado por el estilizado.\u00a0Otorga m\u00e1ximo brillo, suavidad y control.<\/p>\n<p>Tecnolog\u00eda de Calor Infrarojo<\/p>\n<\/div>\n","protected":false},"excerpt":{"rendered":"<p>Plancha InfraRadiance MARCA: REVLON<\/p>\n","protected":false},"featured_media":2405,"comment_status":"closed","ping_status":"open","template":"","meta":{"_eb_attr":""},"product_brand":[],"product_cat":[104],"product_tag":[],"class_list":{"0":"post-2237","1":"product","2":"type-product","3":"status-publish","4":"has-post-thumbnail","6":"product_cat-planchas-y-alisadores","8":"first","9":"instock","10":"product-type-simple"},"_links":{"self":[{"href":"https:\/\/lobus.cl\/online\/revlon\/wp-json\/wp\/v2\/product\/2237","targetHints":{"allow":["GET"]}}],"collection":[{"href":"https:\/\/lobus.cl\/online\/revlon\/wp-json\/wp\/v2\/product"}],"about":[{"href":"https:\/\/lobus.cl\/online\/revlon\/wp-json\/wp\/v2\/types\/product"}],"replies":[{"embeddable":true,"href":"https:\/\/lobus.cl\/online\/revlon\/wp-json\/wp\/v2\/comments?post=2237"}],"wp:featuredmedia":[{"embeddable":true,"href":"https:\/\/lobus.cl\/online\/revlon\/wp-json\/wp\/v2\/media\/2405"}],"wp:attachment":[{"href":"https:\/\/lobus.cl\/online\/revlon\/wp-json\/wp\/v2\/media?parent=2237"}],"wp:term":[{"taxonomy":"product_brand","embeddable":true,"href":"https:\/\/lobus.cl\/online\/revlon\/wp-json\/wp\/v2\/product_brand?post=2237"},{"taxonomy":"product_cat","embeddable":true,"href":"https:\/\/lobus.cl\/online\/revlon\/wp-json\/wp\/v2\/product_cat?post=2237"},{"taxonomy":"product_tag","embeddable":true,"href":"https:\/\/lobus.cl\/online\/revlon\/wp-json\/wp\/v2\/product_tag?post=2237"}],"curies":[{"name":"wp","href":"https:\/\/api.w.org\/{rel}","templated":true}]}}