{"id":2235,"date":"2025-08-25T11:57:36","date_gmt":"2025-08-25T09:57:36","guid":{"rendered":"https:\/\/lobus.cl\/online\/revlon\/producto\/plancha-de-ceramica-de-1-accesorios-revlon\/"},"modified":"2025-08-25T19:04:06","modified_gmt":"2025-08-25T17:04:06","slug":"plancha-de-ceramica-de-1-accesorios-revlon","status":"publish","type":"product","link":"https:\/\/lobus.cl\/online\/revlon\/producto\/plancha-de-ceramica-de-1-accesorios-revlon\/","title":{"rendered":"Plancha De Cer\u00e1mica De 1\u201d + Accesorios Revlon"},"content":{"rendered":"<div class=\"descripcion\">\n<p><strong>Plancha De Cer\u00e1mica De 1\u201d + Accesorios Revlon<\/strong><\/p>\n<p>12 Ligas Negras<\/p>\n<p>2 Pinzas Peque\u00f1as Negras<\/p>\n<p>1 Pinza Grande Negra<\/p>\n<p>1 Cepillo Acojinado<\/p>\n<p>1 Plancha de Cer\u00e1mica 1\u201d (2.54 cm)<\/p>\n<p>Contiene:<\/p>\n<\/div>\n","protected":false},"excerpt":{"rendered":"<p>Placas con Recubrimiento del Cer\u00e1mica Ayuda a reducir el da\u00f1o por el calor. 30 segundos Calentamiento r\u00e1pido. Bot\u00f3n de Encendido Cable giratorio libre de enred\u2026<\/p>\n","protected":false},"featured_media":2400,"comment_status":"closed","ping_status":"open","template":"","meta":{"_eb_attr":""},"product_brand":[],"product_cat":[104],"product_tag":[],"class_list":{"0":"post-2235","1":"product","2":"type-product","3":"status-publish","4":"has-post-thumbnail","6":"product_cat-planchas-y-alisadores","8":"first","9":"instock","10":"product-type-simple"},"_links":{"self":[{"href":"https:\/\/lobus.cl\/online\/revlon\/wp-json\/wp\/v2\/product\/2235","targetHints":{"allow":["GET"]}}],"collection":[{"href":"https:\/\/lobus.cl\/online\/revlon\/wp-json\/wp\/v2\/product"}],"about":[{"href":"https:\/\/lobus.cl\/online\/revlon\/wp-json\/wp\/v2\/types\/product"}],"replies":[{"embeddable":true,"href":"https:\/\/lobus.cl\/online\/revlon\/wp-json\/wp\/v2\/comments?post=2235"}],"wp:featuredmedia":[{"embeddable":true,"href":"https:\/\/lobus.cl\/online\/revlon\/wp-json\/wp\/v2\/media\/2400"}],"wp:attachment":[{"href":"https:\/\/lobus.cl\/online\/revlon\/wp-json\/wp\/v2\/media?parent=2235"}],"wp:term":[{"taxonomy":"product_brand","embeddable":true,"href":"https:\/\/lobus.cl\/online\/revlon\/wp-json\/wp\/v2\/product_brand?post=2235"},{"taxonomy":"product_cat","embeddable":true,"href":"https:\/\/lobus.cl\/online\/revlon\/wp-json\/wp\/v2\/product_cat?post=2235"},{"taxonomy":"product_tag","embeddable":true,"href":"https:\/\/lobus.cl\/online\/revlon\/wp-json\/wp\/v2\/product_tag?post=2235"}],"curies":[{"name":"wp","href":"https:\/\/api.w.org\/{rel}","templated":true}]}}