{"id":2234,"date":"2025-08-25T11:57:25","date_gmt":"2025-08-25T09:57:25","guid":{"rendered":"https:\/\/lobus.cl\/online\/revlon\/producto\/plancha-ceramica-de-1-2-1-2-cm-revlon\/"},"modified":"2025-08-25T19:04:06","modified_gmt":"2025-08-25T17:04:06","slug":"plancha-ceramica-de-1-2-1-2-cm-revlon","status":"publish","type":"product","link":"https:\/\/lobus.cl\/online\/revlon\/producto\/plancha-ceramica-de-1-2-1-2-cm-revlon\/","title":{"rendered":"Plancha Cer\u00e1mica De 1\u201d (2 1\/2 Cm) Revlon"},"content":{"rendered":"<div class=\"descripcion\">\n<p><strong>Plancha Cer\u00e1mica De 1\u201d (2 1\/2 Cm) Revlon<\/strong><\/p>\n<p>CODIGO DEL PRODUCTO:\u00a0I289RVST2029<\/p>\n<p>Cable giratorio profesional libre de enredos<\/p>\n<p>Luz indicadora de encendido<\/p>\n<p>Bot\u00f3n de encendido y apagado<\/p>\n<p>Calentamiento r\u00e1pido en 30 segundos<\/p>\n<p>25 Niveles de Temperatura. Temperatura m\u00e1xima 200\u00b0 C.<\/p>\n<p>Protege al cabello\u00a0 debido a que el calor penetra de forma r\u00e1pida y uniforme de adentro hacia afuera provocando un menor da\u00f1o, eliminando as\u00ed\u00a0 tambi\u00e9n el Frizz.<\/p>\n<p>Plancha de Cer\u00e1mica de 1\u201d<\/p>\n<\/div>\n","protected":false},"excerpt":{"rendered":"<p>Plancha Cer\u00e1mica de 1\u201d (2 1\/2 cms) MARCA: REVLON<\/p>\n","protected":false},"featured_media":2399,"comment_status":"closed","ping_status":"open","template":"","meta":{"_eb_attr":""},"product_brand":[],"product_cat":[104],"product_tag":[],"class_list":{"0":"post-2234","1":"product","2":"type-product","3":"status-publish","4":"has-post-thumbnail","6":"product_cat-planchas-y-alisadores","8":"first","9":"instock","10":"product-type-simple"},"_links":{"self":[{"href":"https:\/\/lobus.cl\/online\/revlon\/wp-json\/wp\/v2\/product\/2234","targetHints":{"allow":["GET"]}}],"collection":[{"href":"https:\/\/lobus.cl\/online\/revlon\/wp-json\/wp\/v2\/product"}],"about":[{"href":"https:\/\/lobus.cl\/online\/revlon\/wp-json\/wp\/v2\/types\/product"}],"replies":[{"embeddable":true,"href":"https:\/\/lobus.cl\/online\/revlon\/wp-json\/wp\/v2\/comments?post=2234"}],"wp:featuredmedia":[{"embeddable":true,"href":"https:\/\/lobus.cl\/online\/revlon\/wp-json\/wp\/v2\/media\/2399"}],"wp:attachment":[{"href":"https:\/\/lobus.cl\/online\/revlon\/wp-json\/wp\/v2\/media?parent=2234"}],"wp:term":[{"taxonomy":"product_brand","embeddable":true,"href":"https:\/\/lobus.cl\/online\/revlon\/wp-json\/wp\/v2\/product_brand?post=2234"},{"taxonomy":"product_cat","embeddable":true,"href":"https:\/\/lobus.cl\/online\/revlon\/wp-json\/wp\/v2\/product_cat?post=2234"},{"taxonomy":"product_tag","embeddable":true,"href":"https:\/\/lobus.cl\/online\/revlon\/wp-json\/wp\/v2\/product_tag?post=2234"}],"curies":[{"name":"wp","href":"https:\/\/api.w.org\/{rel}","templated":true}]}}