{"id":2233,"date":"2025-08-25T11:57:25","date_gmt":"2025-08-25T09:57:25","guid":{"rendered":"https:\/\/lobus.cl\/online\/revlon\/producto\/ondulador-pro-collection-infraradiance-revlon\/"},"modified":"2025-08-25T19:04:06","modified_gmt":"2025-08-25T17:04:06","slug":"ondulador-pro-collection-infraradiance-revlon","status":"publish","type":"product","link":"https:\/\/lobus.cl\/online\/revlon\/producto\/ondulador-pro-collection-infraradiance-revlon\/","title":{"rendered":"Ondulador Pro Collection Infraradiance Revlon"},"content":{"rendered":"<div class=\"descripcion\">\n<p><strong>Ondulador Pro Collection Infraradiance Revlon<\/strong><\/p>\n<p>Auto apagado<\/p>\n<p>cable giratorio, libre de enredos<\/p>\n<p>Bot\u00f3n de encendido y apagado<\/p>\n<p>Tubo de 1 &quot; (2,54 cms)<\/p>\n<p>30 niveles de temperatura, para diferentes tipos de cabello<\/p>\n<p>Recubrimiento de cer\u00e1mica y turmalina, para menor da\u00f1o y f\u00e1cil deslizamiento<\/p>\n<p>Tecnolog\u00eda infrarojo para un r\u00e1pido estilizado<\/p>\n<p>215\u00b0C Temperatura alta para estilizados m\u00e1s r\u00e1pidos<\/p>\n<\/div>\n","protected":false},"excerpt":{"rendered":"<p>\u00bfBuscas rizos de larga duraci\u00f3n? La rizadora infrarroja de 1&#8243; te ofrecer\u00e1 resultados de m\u00e1xima duraci\u00f3n gracias a su tecnolog\u00eda de calor infrarrojo que sellar\u00e1\u2026<\/p>\n","protected":false},"featured_media":2385,"comment_status":"closed","ping_status":"open","template":"","meta":{"_eb_attr":""},"product_brand":[],"product_cat":[100],"product_tag":[],"class_list":{"0":"post-2233","1":"product","2":"type-product","3":"status-publish","4":"has-post-thumbnail","6":"product_cat-onduladores-y-rizadoras","8":"first","9":"instock","10":"product-type-simple"},"_links":{"self":[{"href":"https:\/\/lobus.cl\/online\/revlon\/wp-json\/wp\/v2\/product\/2233","targetHints":{"allow":["GET"]}}],"collection":[{"href":"https:\/\/lobus.cl\/online\/revlon\/wp-json\/wp\/v2\/product"}],"about":[{"href":"https:\/\/lobus.cl\/online\/revlon\/wp-json\/wp\/v2\/types\/product"}],"replies":[{"embeddable":true,"href":"https:\/\/lobus.cl\/online\/revlon\/wp-json\/wp\/v2\/comments?post=2233"}],"wp:featuredmedia":[{"embeddable":true,"href":"https:\/\/lobus.cl\/online\/revlon\/wp-json\/wp\/v2\/media\/2385"}],"wp:attachment":[{"href":"https:\/\/lobus.cl\/online\/revlon\/wp-json\/wp\/v2\/media?parent=2233"}],"wp:term":[{"taxonomy":"product_brand","embeddable":true,"href":"https:\/\/lobus.cl\/online\/revlon\/wp-json\/wp\/v2\/product_brand?post=2233"},{"taxonomy":"product_cat","embeddable":true,"href":"https:\/\/lobus.cl\/online\/revlon\/wp-json\/wp\/v2\/product_cat?post=2233"},{"taxonomy":"product_tag","embeddable":true,"href":"https:\/\/lobus.cl\/online\/revlon\/wp-json\/wp\/v2\/product_tag?post=2233"}],"curies":[{"name":"wp","href":"https:\/\/api.w.org\/{rel}","templated":true}]}}