{"id":2232,"date":"2025-08-25T11:57:25","date_gmt":"2025-08-25T09:57:25","guid":{"rendered":"https:\/\/lobus.cl\/online\/revlon\/producto\/cepillo-onestep-voluminizador-plus-desmontable-revlon\/"},"modified":"2025-08-25T19:04:05","modified_gmt":"2025-08-25T17:04:05","slug":"cepillo-onestep-voluminizador-plus-desmontable-revlon","status":"publish","type":"product","link":"https:\/\/lobus.cl\/online\/revlon\/producto\/cepillo-onestep-voluminizador-plus-desmontable-revlon\/","title":{"rendered":"Cepillo OneStep Voluminizador Plus Desmontable Revlon"},"content":{"rendered":"<div class=\"descripcion\">\n<p><strong>Cepillo OneStep Voluminizador Plus Desmontable Revlon<\/strong><\/p>\n<p>El revolucionario One-Step Secador y Voluminizador Plus de cabello esta\u0301 dise\u00f1ado para proporcionar un volumen esplendido y un brillo intenso en un solo paso.La forma de dise\u00f1o \u00fanico cuenta con los lados ligeramente curvos para alisar el cabello, mientras que los bordes redondos crean volumen en las ra\u00edces y riza las puntas bellamente, resultando en estilos magn\u00edficos en menos tiempo.<\/p>\n<p>Este artefacto esta\u0301 dise\u00f1ado para brindarle seguridad y desempe\u00f1o. Este artefacto tiene un enchufe polarizado (una hoja es m\u00e1s ancha que la otra). Por seguridad, este enchufe podr\u00e1\u0301 introducirse de una sola manera en tomacorrientes polarizados. Si el enchufe no entra hasta el fondo en el tomacorrientes, de\u0301 vuelta al enchufe.Si sigue sin entrar, consulte a un electricista profesional. No intente alterar esta caracter\u00edstica de seguridad.<\/p>\n<\/div>\n","protected":false},"excerpt":{"rendered":"<p>4 configuraciones de calor , 800W , por lo que seca el cabello adem\u00e1s de estilizar, de tecnolog\u00eda CER\u00c1MICA + TITANIO + TURMALINA; cerdas Mixtas de Jabal\u00ed y nyl\u2026<\/p>\n","protected":false},"featured_media":2349,"comment_status":"closed","ping_status":"open","template":"","meta":{"_eb_attr":""},"product_brand":[],"product_cat":[103],"product_tag":[],"class_list":{"0":"post-2232","1":"product","2":"type-product","3":"status-publish","4":"has-post-thumbnail","6":"product_cat-one-step","8":"first","9":"instock","10":"product-type-simple"},"_links":{"self":[{"href":"https:\/\/lobus.cl\/online\/revlon\/wp-json\/wp\/v2\/product\/2232","targetHints":{"allow":["GET"]}}],"collection":[{"href":"https:\/\/lobus.cl\/online\/revlon\/wp-json\/wp\/v2\/product"}],"about":[{"href":"https:\/\/lobus.cl\/online\/revlon\/wp-json\/wp\/v2\/types\/product"}],"replies":[{"embeddable":true,"href":"https:\/\/lobus.cl\/online\/revlon\/wp-json\/wp\/v2\/comments?post=2232"}],"wp:featuredmedia":[{"embeddable":true,"href":"https:\/\/lobus.cl\/online\/revlon\/wp-json\/wp\/v2\/media\/2349"}],"wp:attachment":[{"href":"https:\/\/lobus.cl\/online\/revlon\/wp-json\/wp\/v2\/media?parent=2232"}],"wp:term":[{"taxonomy":"product_brand","embeddable":true,"href":"https:\/\/lobus.cl\/online\/revlon\/wp-json\/wp\/v2\/product_brand?post=2232"},{"taxonomy":"product_cat","embeddable":true,"href":"https:\/\/lobus.cl\/online\/revlon\/wp-json\/wp\/v2\/product_cat?post=2232"},{"taxonomy":"product_tag","embeddable":true,"href":"https:\/\/lobus.cl\/online\/revlon\/wp-json\/wp\/v2\/product_tag?post=2232"}],"curies":[{"name":"wp","href":"https:\/\/api.w.org\/{rel}","templated":true}]}}