{"id":2229,"date":"2025-08-25T11:57:25","date_gmt":"2025-08-25T09:57:25","guid":{"rendered":"https:\/\/lobus.cl\/online\/revlon\/producto\/alisador-doble-placa-cobre-revlon\/"},"modified":"2025-08-25T19:04:12","modified_gmt":"2025-08-25T17:04:12","slug":"alisador-doble-placa-cobre-revlon","status":"publish","type":"product","link":"https:\/\/lobus.cl\/online\/revlon\/producto\/alisador-doble-placa-cobre-revlon\/","title":{"rendered":"Alisador Doble Placa Cobre Revlon"},"content":{"rendered":"<div class=\"descripcion\">\n<p><strong>Alisador Doble Placa Cobre Revlon<\/strong><\/p>\n<p>\u2022 4 placas de cer\u00e1mica de 1\u20442 \u201d ayudan a reducir el frizz\u2022 10 configuraciones de temperatura(235\u00b0223\u00b0212\u00b0204\u00b0193\u00b0185\u00b0171\u00b0162\u00b0145\u00b0140\u00b0)\u2022 Bordes redondeados para un mejor agarre y control\u2022 Interruptor de bloqueo de placas1 hora apagado autom\u00e1ticoDoble voltaje universalMemoria de la temperaturaCable giratorio de 6 ft libre de enredos\u2022 Peso: 200 g\u2022 Potencia: 235\u00b0C\u2022 Medidas: 2,71 x 4,8 x 28,48 cm;\u2022 Largo del cable 1,82mt\u2022 Vida \u00fatil: 42,115 horas<\/p>\n<\/div>\n","protected":false},"excerpt":{"rendered":"<p>Para resultados suaves y sedosos un 75% m\u00e1s r\u00e1pidos conuna pasada. La primera placa alisa mientras la segundarefuerza para obtener resultados m\u00e1s elegantes, la\u2026<\/p>\n","protected":false},"featured_media":2416,"comment_status":"closed","ping_status":"open","template":"","meta":{"_eb_attr":""},"product_brand":[],"product_cat":[104],"product_tag":[],"class_list":{"0":"post-2229","1":"product","2":"type-product","3":"status-publish","4":"has-post-thumbnail","6":"product_cat-planchas-y-alisadores","8":"first","9":"instock","10":"product-type-simple"},"_links":{"self":[{"href":"https:\/\/lobus.cl\/online\/revlon\/wp-json\/wp\/v2\/product\/2229","targetHints":{"allow":["GET"]}}],"collection":[{"href":"https:\/\/lobus.cl\/online\/revlon\/wp-json\/wp\/v2\/product"}],"about":[{"href":"https:\/\/lobus.cl\/online\/revlon\/wp-json\/wp\/v2\/types\/product"}],"replies":[{"embeddable":true,"href":"https:\/\/lobus.cl\/online\/revlon\/wp-json\/wp\/v2\/comments?post=2229"}],"wp:featuredmedia":[{"embeddable":true,"href":"https:\/\/lobus.cl\/online\/revlon\/wp-json\/wp\/v2\/media\/2416"}],"wp:attachment":[{"href":"https:\/\/lobus.cl\/online\/revlon\/wp-json\/wp\/v2\/media?parent=2229"}],"wp:term":[{"taxonomy":"product_brand","embeddable":true,"href":"https:\/\/lobus.cl\/online\/revlon\/wp-json\/wp\/v2\/product_brand?post=2229"},{"taxonomy":"product_cat","embeddable":true,"href":"https:\/\/lobus.cl\/online\/revlon\/wp-json\/wp\/v2\/product_cat?post=2229"},{"taxonomy":"product_tag","embeddable":true,"href":"https:\/\/lobus.cl\/online\/revlon\/wp-json\/wp\/v2\/product_tag?post=2229"}],"curies":[{"name":"wp","href":"https:\/\/api.w.org\/{rel}","templated":true}]}}