{"id":2228,"date":"2025-08-25T11:57:25","date_gmt":"2025-08-25T09:57:25","guid":{"rendered":"https:\/\/lobus.cl\/online\/revlon\/producto\/plancha-revlon-fast-results-ceramica-2\/"},"modified":"2025-08-25T19:04:12","modified_gmt":"2025-08-25T17:04:12","slug":"plancha-revlon-fast-results-ceramica-2","status":"publish","type":"product","link":"https:\/\/lobus.cl\/online\/revlon\/producto\/plancha-revlon-fast-results-ceramica-2\/","title":{"rendered":"Plancha Revlon Fast Results Cer\u00e1mica 2"},"content":{"rendered":"<div class=\"descripcion\">\n<p><strong>Plancha Revlon Fast Results Cer\u00e1mica 2<\/strong><\/p>\n<p>Placas de 2\u201dTemperatura hasta 400\u00b0FPara todo tipo de cabello y texturasRecubrimiento de cer\u00e1micaAlto grado de recubrimiento de Cer\u00e1mica y turmalina premium que permite un mayor incremento de la temperatura, para estilizados r\u00e1pidos, menos da\u00f1o y m\u00e1s brillo.Calentamiento r\u00e1pidoRecuperaci\u00f3n r\u00e1pida de la temperaturaM\u00faltiples configuraciones de temperaturaBloqueo de placasBot\u00f3n de apagado y encendidoCable libre de enredosAuto apagado<\/p>\n<\/div>\n","protected":false},"excerpt":{"rendered":"<p>Experimenta el poder de la tecnolog\u00eda avanzada para el cuidado del cabello con la plancha Revlon Fast Results Cer\u00e1mica 2. Dise\u00f1ada para brindar resultados r\u00e1pi\u2026<\/p>\n","protected":false},"featured_media":2411,"comment_status":"closed","ping_status":"open","template":"","meta":{"_eb_attr":""},"product_brand":[],"product_cat":[104],"product_tag":[],"class_list":{"0":"post-2228","1":"product","2":"type-product","3":"status-publish","4":"has-post-thumbnail","6":"product_cat-planchas-y-alisadores","8":"first","9":"instock","10":"product-type-simple"},"_links":{"self":[{"href":"https:\/\/lobus.cl\/online\/revlon\/wp-json\/wp\/v2\/product\/2228","targetHints":{"allow":["GET"]}}],"collection":[{"href":"https:\/\/lobus.cl\/online\/revlon\/wp-json\/wp\/v2\/product"}],"about":[{"href":"https:\/\/lobus.cl\/online\/revlon\/wp-json\/wp\/v2\/types\/product"}],"replies":[{"embeddable":true,"href":"https:\/\/lobus.cl\/online\/revlon\/wp-json\/wp\/v2\/comments?post=2228"}],"wp:featuredmedia":[{"embeddable":true,"href":"https:\/\/lobus.cl\/online\/revlon\/wp-json\/wp\/v2\/media\/2411"}],"wp:attachment":[{"href":"https:\/\/lobus.cl\/online\/revlon\/wp-json\/wp\/v2\/media?parent=2228"}],"wp:term":[{"taxonomy":"product_brand","embeddable":true,"href":"https:\/\/lobus.cl\/online\/revlon\/wp-json\/wp\/v2\/product_brand?post=2228"},{"taxonomy":"product_cat","embeddable":true,"href":"https:\/\/lobus.cl\/online\/revlon\/wp-json\/wp\/v2\/product_cat?post=2228"},{"taxonomy":"product_tag","embeddable":true,"href":"https:\/\/lobus.cl\/online\/revlon\/wp-json\/wp\/v2\/product_tag?post=2228"}],"curies":[{"name":"wp","href":"https:\/\/api.w.org\/{rel}","templated":true}]}}