{"id":2226,"date":"2025-08-25T11:57:25","date_gmt":"2025-08-25T09:57:25","guid":{"rendered":"https:\/\/lobus.cl\/online\/revlon\/producto\/rizadora-de-ceramica-expansible-revlon\/"},"modified":"2025-08-25T19:04:06","modified_gmt":"2025-08-25T17:04:06","slug":"rizadora-de-ceramica-expansible-revlon","status":"publish","type":"product","link":"https:\/\/lobus.cl\/online\/revlon\/producto\/rizadora-de-ceramica-expansible-revlon\/","title":{"rendered":"Rizadora De Cer\u00e1mica Expansible Revlon"},"content":{"rendered":"<div class=\"descripcion\">\n<p><strong>Rizadora De Cer\u00e1mica Expansible Revlon<\/strong><\/p>\n<p>Rizos personalizables con una herramienta \u00fanica y conveniente.Posibilidades infinitasTama\u00f1o de barril ajustable de 1 \u201d- 1 1\u20442\u201dBarril de triple recubrimiento de cer\u00e1mica215\u00b0 C de temperatura m\u00e1xima 10 configuraciones de Temperatura bot\u00f3n de encendido \/ apagado punta fr\u00edaPantalla digital LCD1 hora de apagado autom\u00e1tico doble voltaje universal Memoria de la temperatura cable giratorio de 1,8mts libre de enredos<\/p>\n<\/div>\n","protected":false},"excerpt":{"rendered":"<p>\u00a1Rizos m\u00e1s f\u00e1ciles&#8230; y m\u00e1s r\u00e1pidos! No te quedes sin crear una infinidad de estilizados, con la Rizadora ajustable 2 en 1 podr\u00e1s intercambiar el tama\u00f1o del ba\u2026<\/p>\n","protected":false},"featured_media":2387,"comment_status":"closed","ping_status":"open","template":"","meta":{"_eb_attr":""},"product_brand":[],"product_cat":[100],"product_tag":[],"class_list":{"0":"post-2226","1":"product","2":"type-product","3":"status-publish","4":"has-post-thumbnail","6":"product_cat-onduladores-y-rizadoras","8":"first","9":"instock","10":"product-type-simple"},"_links":{"self":[{"href":"https:\/\/lobus.cl\/online\/revlon\/wp-json\/wp\/v2\/product\/2226","targetHints":{"allow":["GET"]}}],"collection":[{"href":"https:\/\/lobus.cl\/online\/revlon\/wp-json\/wp\/v2\/product"}],"about":[{"href":"https:\/\/lobus.cl\/online\/revlon\/wp-json\/wp\/v2\/types\/product"}],"replies":[{"embeddable":true,"href":"https:\/\/lobus.cl\/online\/revlon\/wp-json\/wp\/v2\/comments?post=2226"}],"wp:featuredmedia":[{"embeddable":true,"href":"https:\/\/lobus.cl\/online\/revlon\/wp-json\/wp\/v2\/media\/2387"}],"wp:attachment":[{"href":"https:\/\/lobus.cl\/online\/revlon\/wp-json\/wp\/v2\/media?parent=2226"}],"wp:term":[{"taxonomy":"product_brand","embeddable":true,"href":"https:\/\/lobus.cl\/online\/revlon\/wp-json\/wp\/v2\/product_brand?post=2226"},{"taxonomy":"product_cat","embeddable":true,"href":"https:\/\/lobus.cl\/online\/revlon\/wp-json\/wp\/v2\/product_cat?post=2226"},{"taxonomy":"product_tag","embeddable":true,"href":"https:\/\/lobus.cl\/online\/revlon\/wp-json\/wp\/v2\/product_tag?post=2226"}],"curies":[{"name":"wp","href":"https:\/\/api.w.org\/{rel}","templated":true}]}}