{"id":2222,"date":"2025-08-25T11:57:25","date_gmt":"2025-08-25T09:57:25","guid":{"rendered":"https:\/\/lobus.cl\/online\/revlon\/producto\/cepillo-onestep-secador-voluminizador-plus-1200w-5-en-1-revlon\/"},"modified":"2025-08-25T19:04:05","modified_gmt":"2025-08-25T17:04:05","slug":"cepillo-onestep-secador-voluminizador-plus-1200w-5-en-1-revlon","status":"publish","type":"product","link":"https:\/\/lobus.cl\/online\/revlon\/producto\/cepillo-onestep-secador-voluminizador-plus-1200w-5-en-1-revlon\/","title":{"rendered":"Cepillo OneStep Secador Voluminizador Plus 1200w 5 En 1 Revlon"},"content":{"rendered":"<div class=\"descripcion\">\n<p><strong>Cepillo OneStep Secador Voluminizador Plus 1200w 5 En 1 Revlon<\/strong><\/p>\n<p>1 &#8211; Barril ovalado: seca y a\u00f1ade brillo en hasta la mitad de tiempo2 &#8211; Cepillo paleta: obtiene resultados suaves para todo tipo de cabello3 &#8211; Barril ventilado 360: ideal para fijar y secar rizos mientras reduce el frizz4 &#8211; Cepillo redondo: mejora tu estilo creando volumen en la ra\u00edz rizos suaves y ondas sueltas.5 &#8211; Concentrador para secado de ra\u00edces: reduce el tiempo de secado y prepara el cabello para el estilizado. 6 &#8211; Potencia 1200W.<\/p>\n<\/div>\n","protected":false},"excerpt":{"rendered":"<p>Este incre\u00edble cepillo se convierte en tu aliado perfecto, adapt\u00e1ndose a tu estilo y cuidando cada hebra de tu cabello como si fuera el m\u00e1s preciado de los tes\u2026<\/p>\n","protected":false},"featured_media":2373,"comment_status":"closed","ping_status":"open","template":"","meta":{"_eb_attr":""},"product_brand":[],"product_cat":[103],"product_tag":[],"class_list":{"0":"post-2222","1":"product","2":"type-product","3":"status-publish","4":"has-post-thumbnail","6":"product_cat-one-step","8":"first","9":"instock","10":"product-type-simple"},"_links":{"self":[{"href":"https:\/\/lobus.cl\/online\/revlon\/wp-json\/wp\/v2\/product\/2222","targetHints":{"allow":["GET"]}}],"collection":[{"href":"https:\/\/lobus.cl\/online\/revlon\/wp-json\/wp\/v2\/product"}],"about":[{"href":"https:\/\/lobus.cl\/online\/revlon\/wp-json\/wp\/v2\/types\/product"}],"replies":[{"embeddable":true,"href":"https:\/\/lobus.cl\/online\/revlon\/wp-json\/wp\/v2\/comments?post=2222"}],"wp:featuredmedia":[{"embeddable":true,"href":"https:\/\/lobus.cl\/online\/revlon\/wp-json\/wp\/v2\/media\/2373"}],"wp:attachment":[{"href":"https:\/\/lobus.cl\/online\/revlon\/wp-json\/wp\/v2\/media?parent=2222"}],"wp:term":[{"taxonomy":"product_brand","embeddable":true,"href":"https:\/\/lobus.cl\/online\/revlon\/wp-json\/wp\/v2\/product_brand?post=2222"},{"taxonomy":"product_cat","embeddable":true,"href":"https:\/\/lobus.cl\/online\/revlon\/wp-json\/wp\/v2\/product_cat?post=2222"},{"taxonomy":"product_tag","embeddable":true,"href":"https:\/\/lobus.cl\/online\/revlon\/wp-json\/wp\/v2\/product_tag?post=2222"}],"curies":[{"name":"wp","href":"https:\/\/api.w.org\/{rel}","templated":true}]}}