{"id":2221,"date":"2025-08-25T11:57:25","date_gmt":"2025-08-25T09:57:25","guid":{"rendered":"https:\/\/lobus.cl\/online\/revlon\/producto\/onestep-secadora-alisadora-revlon\/"},"modified":"2025-08-25T19:04:05","modified_gmt":"2025-08-25T17:04:05","slug":"onestep-secadora-alisadora-revlon","status":"publish","type":"product","link":"https:\/\/lobus.cl\/online\/revlon\/producto\/onestep-secadora-alisadora-revlon\/","title":{"rendered":"OneStep Secadora Alisadora Revlon"},"content":{"rendered":"<div class=\"descripcion\">\n<p><strong>OneStep Secadora Alisadora Revlon<\/strong><\/p>\n<p>1000W DE POTENCIAVENTILACIONES DE FLUJO DE AIRE CONCENTRADOPARA UN SECADO M\u00c1S R\u00c1PIDOPLACAS DE CER\u00c1MICA TURMALINAAYUDA A REDUCIR EL DA\u00d1O PROVOCADO POR EL CALORTECNOLOG\u00cdA AIRPAUSE\u2122DISE\u00d1ADO PARA SOPLAR AIRE CUANDO\u00a0 SE CIERRA6 CONFIGURACIONES DE TEMPERATURA\/VELOCIDADCABLE GIRATORIO LIBRE DE ENREDOS DE 1.82 cm<\/p>\n<\/div>\n","protected":false},"excerpt":{"rendered":"<p>Transforma tu rutina de belleza con el revolucionario Secador y Plancha 2 en 1 One-Step Air Straight de Revlon.Imagina cada ma\u00f1ana como un nuevo comienzo, dond\u2026<\/p>\n","protected":false},"featured_media":2365,"comment_status":"closed","ping_status":"open","template":"","meta":{"_eb_attr":""},"product_brand":[],"product_cat":[104],"product_tag":[],"class_list":{"0":"post-2221","1":"product","2":"type-product","3":"status-publish","4":"has-post-thumbnail","6":"product_cat-planchas-y-alisadores","8":"first","9":"instock","10":"product-type-simple"},"_links":{"self":[{"href":"https:\/\/lobus.cl\/online\/revlon\/wp-json\/wp\/v2\/product\/2221","targetHints":{"allow":["GET"]}}],"collection":[{"href":"https:\/\/lobus.cl\/online\/revlon\/wp-json\/wp\/v2\/product"}],"about":[{"href":"https:\/\/lobus.cl\/online\/revlon\/wp-json\/wp\/v2\/types\/product"}],"replies":[{"embeddable":true,"href":"https:\/\/lobus.cl\/online\/revlon\/wp-json\/wp\/v2\/comments?post=2221"}],"wp:featuredmedia":[{"embeddable":true,"href":"https:\/\/lobus.cl\/online\/revlon\/wp-json\/wp\/v2\/media\/2365"}],"wp:attachment":[{"href":"https:\/\/lobus.cl\/online\/revlon\/wp-json\/wp\/v2\/media?parent=2221"}],"wp:term":[{"taxonomy":"product_brand","embeddable":true,"href":"https:\/\/lobus.cl\/online\/revlon\/wp-json\/wp\/v2\/product_brand?post=2221"},{"taxonomy":"product_cat","embeddable":true,"href":"https:\/\/lobus.cl\/online\/revlon\/wp-json\/wp\/v2\/product_cat?post=2221"},{"taxonomy":"product_tag","embeddable":true,"href":"https:\/\/lobus.cl\/online\/revlon\/wp-json\/wp\/v2\/product_tag?post=2221"}],"curies":[{"name":"wp","href":"https:\/\/api.w.org\/{rel}","templated":true}]}}