{"id":2219,"date":"2025-08-25T11:57:25","date_gmt":"2025-08-25T09:57:25","guid":{"rendered":"https:\/\/lobus.cl\/online\/revlon\/producto\/cepillo-onestep-volumizer-plus-1200w-revlon\/"},"modified":"2025-08-25T19:04:05","modified_gmt":"2025-08-25T17:04:05","slug":"cepillo-onestep-volumizer-plus-1200w-revlon","status":"publish","type":"product","link":"https:\/\/lobus.cl\/online\/revlon\/producto\/cepillo-onestep-volumizer-plus-1200w-revlon\/","title":{"rendered":"Cepillo OneStep Volumizer Plus +1200w Revlon"},"content":{"rendered":"<div class=\"descripcion\">\n<p><strong>Cepillo OneStep Volumizer Plus +1200w Revlon<\/strong><\/p>\n<p>Este aparato no es de doble voltaje y esta dise\u00f1ado para uso de 220-240V solamente no utilice este aparato como convertidor de voltajeEn comparaci\u00f3n con versi\u00f3n one step volumizer plus 800w, este one-step volumizer plus+ tiene 1200w de potencia e incluye un concentrador para el secado del cabello.<\/p>\n<\/div>\n","protected":false},"excerpt":{"rendered":"<p>El revolucionario One-Step Secador y Voluminizador Plus+ de cabello esta\u0301 dise\u00f1ado para proporcionar un volumen esplendido y un brillo intenso en un solo paso.\u2026<\/p>\n","protected":false},"featured_media":2353,"comment_status":"closed","ping_status":"open","template":"","meta":{"_eb_attr":""},"product_brand":[],"product_cat":[103],"product_tag":[],"class_list":{"0":"post-2219","1":"product","2":"type-product","3":"status-publish","4":"has-post-thumbnail","6":"product_cat-one-step","8":"first","9":"instock","10":"product-type-simple"},"_links":{"self":[{"href":"https:\/\/lobus.cl\/online\/revlon\/wp-json\/wp\/v2\/product\/2219","targetHints":{"allow":["GET"]}}],"collection":[{"href":"https:\/\/lobus.cl\/online\/revlon\/wp-json\/wp\/v2\/product"}],"about":[{"href":"https:\/\/lobus.cl\/online\/revlon\/wp-json\/wp\/v2\/types\/product"}],"replies":[{"embeddable":true,"href":"https:\/\/lobus.cl\/online\/revlon\/wp-json\/wp\/v2\/comments?post=2219"}],"wp:featuredmedia":[{"embeddable":true,"href":"https:\/\/lobus.cl\/online\/revlon\/wp-json\/wp\/v2\/media\/2353"}],"wp:attachment":[{"href":"https:\/\/lobus.cl\/online\/revlon\/wp-json\/wp\/v2\/media?parent=2219"}],"wp:term":[{"taxonomy":"product_brand","embeddable":true,"href":"https:\/\/lobus.cl\/online\/revlon\/wp-json\/wp\/v2\/product_brand?post=2219"},{"taxonomy":"product_cat","embeddable":true,"href":"https:\/\/lobus.cl\/online\/revlon\/wp-json\/wp\/v2\/product_cat?post=2219"},{"taxonomy":"product_tag","embeddable":true,"href":"https:\/\/lobus.cl\/online\/revlon\/wp-json\/wp\/v2\/product_tag?post=2219"}],"curies":[{"name":"wp","href":"https:\/\/api.w.org\/{rel}","templated":true}]}}