{"id":2212,"date":"2025-08-25T11:57:13","date_gmt":"2025-08-25T09:57:13","guid":{"rendered":"https:\/\/lobus.cl\/online\/revlon\/producto\/combo-secador-y-alisador-de-viaje-revlon\/"},"modified":"2025-08-25T19:03:59","modified_gmt":"2025-08-25T17:03:59","slug":"combo-secador-y-alisador-de-viaje-revlon","status":"publish","type":"product","link":"https:\/\/lobus.cl\/online\/revlon\/producto\/combo-secador-y-alisador-de-viaje-revlon\/","title":{"rendered":"Combo Secador Y Alisador De Viaje Revlon"},"content":{"rendered":"<div class=\"descripcion\">\n<p><strong>Combo Secador Y Alisador De Viaje Revlon<\/strong><\/p>\n<p>Secadora 2000W\u00a0 Motor DC. Potencia de secado m\u00e1s r\u00e1pido3 temperaturas \/ 2 velocidades. Para un peinado r\u00e1pido.Concentrador de aire. Para un peinado preciso.Bot\u00f3n de aire frio. Para fijar el peinado.Placas de cer\u00e1mica de 25mm. Para resultados \u00f3ptimos.Bot\u00f3n de Bloqueo de PlacasLuz Indicadora de EncendidoDoble Voltaje. Ideal para viajar.<\/p>\n<\/div>\n","protected":false},"excerpt":{"rendered":"<p>Resultados Suaves con Menos Frizz. Recubrimiento de Cer\u00e1mica. Ayuda a reducir el da\u00f1o causado por el uso frecuente con una mejor distribuci\u00f3n uniforme del calo\u2026<\/p>\n","protected":false},"featured_media":2314,"comment_status":"closed","ping_status":"open","template":"","meta":{"_eb_attr":""},"product_brand":[],"product_cat":[104],"product_tag":[],"class_list":{"0":"post-2212","1":"product","2":"type-product","3":"status-publish","4":"has-post-thumbnail","6":"product_cat-planchas-y-alisadores","8":"first","9":"instock","10":"product-type-simple"},"_links":{"self":[{"href":"https:\/\/lobus.cl\/online\/revlon\/wp-json\/wp\/v2\/product\/2212","targetHints":{"allow":["GET"]}}],"collection":[{"href":"https:\/\/lobus.cl\/online\/revlon\/wp-json\/wp\/v2\/product"}],"about":[{"href":"https:\/\/lobus.cl\/online\/revlon\/wp-json\/wp\/v2\/types\/product"}],"replies":[{"embeddable":true,"href":"https:\/\/lobus.cl\/online\/revlon\/wp-json\/wp\/v2\/comments?post=2212"}],"wp:featuredmedia":[{"embeddable":true,"href":"https:\/\/lobus.cl\/online\/revlon\/wp-json\/wp\/v2\/media\/2314"}],"wp:attachment":[{"href":"https:\/\/lobus.cl\/online\/revlon\/wp-json\/wp\/v2\/media?parent=2212"}],"wp:term":[{"taxonomy":"product_brand","embeddable":true,"href":"https:\/\/lobus.cl\/online\/revlon\/wp-json\/wp\/v2\/product_brand?post=2212"},{"taxonomy":"product_cat","embeddable":true,"href":"https:\/\/lobus.cl\/online\/revlon\/wp-json\/wp\/v2\/product_cat?post=2212"},{"taxonomy":"product_tag","embeddable":true,"href":"https:\/\/lobus.cl\/online\/revlon\/wp-json\/wp\/v2\/product_tag?post=2212"}],"curies":[{"name":"wp","href":"https:\/\/api.w.org\/{rel}","templated":true}]}}