{"id":2211,"date":"2025-08-25T11:57:13","date_gmt":"2025-08-25T09:57:13","guid":{"rendered":"https:\/\/lobus.cl\/online\/revlon\/producto\/cepillo-secador-onestep-titanio-revlon\/"},"modified":"2025-08-25T19:03:58","modified_gmt":"2025-08-25T17:03:58","slug":"cepillo-secador-onestep-titanio-revlon","status":"publish","type":"product","link":"https:\/\/lobus.cl\/online\/revlon\/producto\/cepillo-secador-onestep-titanio-revlon\/","title":{"rendered":"Cepillo Secador OneStep Titanio Revlon"},"content":{"rendered":"<div class=\"descripcion\">\n<p><strong>Cepillo Secador OneStep Titanio Revlon<\/strong><\/p>\n<p>Cuenta con dos regulaciones de temperatura m\u00e1s aire fr\u00edo para sellar tu peinado.<\/p>\n<p>Est\u00e1 dise\u00f1ado para proporcionar un volumen espl\u00e9ndido y un brillo intenso en un s\u00f3lo paso. La forma de dise\u00f1o \u00fanico cuenta con los lados ligeramente curvos para alisar el cabello, mientras que los bordes redondos crean volumen en las ra\u00edces y rizan las puntas, resultando en estilos magn\u00edficos en menos tiempo.<\/p>\n<\/div>\n","protected":false},"excerpt":{"rendered":"<p>\u2022 220-240V 50-60Hz 800W Clase II. \u2022 Es apto para cabello seco y h\u00famedo \u2022 Con regulador de temperatura: 2 Niveles<\/p>\n","protected":false},"featured_media":2312,"comment_status":"closed","ping_status":"open","template":"","meta":{"_eb_attr":""},"product_brand":[],"product_cat":[103],"product_tag":[],"class_list":{"0":"post-2211","1":"product","2":"type-product","3":"status-publish","4":"has-post-thumbnail","6":"product_cat-one-step","8":"first","9":"instock","10":"product-type-simple"},"_links":{"self":[{"href":"https:\/\/lobus.cl\/online\/revlon\/wp-json\/wp\/v2\/product\/2211","targetHints":{"allow":["GET"]}}],"collection":[{"href":"https:\/\/lobus.cl\/online\/revlon\/wp-json\/wp\/v2\/product"}],"about":[{"href":"https:\/\/lobus.cl\/online\/revlon\/wp-json\/wp\/v2\/types\/product"}],"replies":[{"embeddable":true,"href":"https:\/\/lobus.cl\/online\/revlon\/wp-json\/wp\/v2\/comments?post=2211"}],"wp:featuredmedia":[{"embeddable":true,"href":"https:\/\/lobus.cl\/online\/revlon\/wp-json\/wp\/v2\/media\/2312"}],"wp:attachment":[{"href":"https:\/\/lobus.cl\/online\/revlon\/wp-json\/wp\/v2\/media?parent=2211"}],"wp:term":[{"taxonomy":"product_brand","embeddable":true,"href":"https:\/\/lobus.cl\/online\/revlon\/wp-json\/wp\/v2\/product_brand?post=2211"},{"taxonomy":"product_cat","embeddable":true,"href":"https:\/\/lobus.cl\/online\/revlon\/wp-json\/wp\/v2\/product_cat?post=2211"},{"taxonomy":"product_tag","embeddable":true,"href":"https:\/\/lobus.cl\/online\/revlon\/wp-json\/wp\/v2\/product_tag?post=2211"}],"curies":[{"name":"wp","href":"https:\/\/api.w.org\/{rel}","templated":true}]}}