{"id":2209,"date":"2025-08-25T11:57:13","date_gmt":"2025-08-25T09:57:13","guid":{"rendered":"https:\/\/lobus.cl\/online\/revlon\/producto\/cepillo-onestep-secador-y-voluminizador-revlon\/"},"modified":"2025-08-25T19:03:58","modified_gmt":"2025-08-25T17:03:58","slug":"cepillo-onestep-secador-y-voluminizador-revlon","status":"publish","type":"product","link":"https:\/\/lobus.cl\/online\/revlon\/producto\/cepillo-onestep-secador-y-voluminizador-revlon\/","title":{"rendered":"Cepillo OneStep Secador Y Voluminizador Revlon"},"content":{"rendered":"<div class=\"descripcion\">\n<p><strong>Cepillo OneStep Secador Y Voluminizador Revlon<\/strong><\/p>\n<p>Cable giratorio profesional libre de enredos<\/p>\n<p>Dise\u00f1o ligero<\/p>\n<p>Para confort y facilidad de uso.<\/p>\n<p>Mango ergon\u00f3mico y punta fr\u00eda<\/p>\n<p>Para un secado completo y flexibilidad en el peinado.<\/p>\n<p>3 Configuraciones de Temperatura<\/p>\n<p>Cerdas de nylon con punta redondeadas para desenredar r\u00e1pidamente, mientras que las cerdas de jabal\u00ed se deslizan suavemente por el cabello para crear brillo.<\/p>\n<p>Cerdas combinadas<\/p>\n<p>Los iones negativos saturan el flujo de aire reduciendo la humedad en el cabello para un secado m\u00e1s r\u00e1pido. Esto ayuda a acondicionar, suavizar y hacer m\u00e1s brillante el cabello al mismo tiempo que recude el frizz y la est\u00e1tica.<\/p>\n<p>Tecnolog\u00eda I\u00f3nica<\/p>\n<p>Dise\u00f1ado para distribuir el aire de manera r\u00e1pida y uniforme para secar y peinar el cabello con un menor da\u00f1o provocado por el calor.<\/p>\n<p>Menor tiempo, menor da\u00f1o<\/p>\n<p>Con lados ligeramente curvos para alisar el cabello y borde redondos para crear volumen en la punta, dos resultados en un s\u00f3lo paso.<\/p>\n<p>Dise\u00f1o de Cepillo Ovalado<\/p>\n<\/div>\n","protected":false},"excerpt":{"rendered":"<p>\u2022 220-240V 50-60Hz 800W Clase II. \u2022 Es apto para cabello seco y h\u00famedo \u2022 Con regulador de temperatura: 2 Niveles<\/p>\n","protected":false},"featured_media":2304,"comment_status":"closed","ping_status":"open","template":"","meta":{"_eb_attr":""},"product_brand":[],"product_cat":[103],"product_tag":[],"class_list":{"0":"post-2209","1":"product","2":"type-product","3":"status-publish","4":"has-post-thumbnail","6":"product_cat-one-step","8":"first","9":"instock","10":"product-type-simple"},"_links":{"self":[{"href":"https:\/\/lobus.cl\/online\/revlon\/wp-json\/wp\/v2\/product\/2209","targetHints":{"allow":["GET"]}}],"collection":[{"href":"https:\/\/lobus.cl\/online\/revlon\/wp-json\/wp\/v2\/product"}],"about":[{"href":"https:\/\/lobus.cl\/online\/revlon\/wp-json\/wp\/v2\/types\/product"}],"replies":[{"embeddable":true,"href":"https:\/\/lobus.cl\/online\/revlon\/wp-json\/wp\/v2\/comments?post=2209"}],"wp:featuredmedia":[{"embeddable":true,"href":"https:\/\/lobus.cl\/online\/revlon\/wp-json\/wp\/v2\/media\/2304"}],"wp:attachment":[{"href":"https:\/\/lobus.cl\/online\/revlon\/wp-json\/wp\/v2\/media?parent=2209"}],"wp:term":[{"taxonomy":"product_brand","embeddable":true,"href":"https:\/\/lobus.cl\/online\/revlon\/wp-json\/wp\/v2\/product_brand?post=2209"},{"taxonomy":"product_cat","embeddable":true,"href":"https:\/\/lobus.cl\/online\/revlon\/wp-json\/wp\/v2\/product_cat?post=2209"},{"taxonomy":"product_tag","embeddable":true,"href":"https:\/\/lobus.cl\/online\/revlon\/wp-json\/wp\/v2\/product_tag?post=2209"}],"curies":[{"name":"wp","href":"https:\/\/api.w.org\/{rel}","templated":true}]}}