{"id":2207,"date":"2025-08-25T11:57:13","date_gmt":"2025-08-25T09:57:13","guid":{"rendered":"https:\/\/lobus.cl\/online\/revlon\/producto\/cepillo-revlon-xl\/"},"modified":"2025-08-25T19:03:58","modified_gmt":"2025-08-25T17:03:58","slug":"cepillo-revlon-xl","status":"publish","type":"product","link":"https:\/\/lobus.cl\/online\/revlon\/producto\/cepillo-revlon-xl\/","title":{"rendered":"Cepillo Revlon XL"},"content":{"rendered":"<div class=\"descripcion\">\n<p><strong>Cepillo Revlon XL<\/strong><\/p>\n<p>Compra m\u00ednima 1 displayDisplay de 12 Unidades<\/p>\n<p>Excelente para cabello largoDisminuye el tiempo de secadoTecnolog\u00eda I\u00f3nica\u00ae Ayuda a reducir el frizz y peinar r\u00e1pidamenteTecnolog\u00eda de cer\u00e1mica Para una distribuci\u00f3n uniforme de calor, ofreciendo resultados saludables y brillantesOfrece resultados suavesC\u00f3modo mango de goma para un f\u00e1cil peinado<\/p>\n<\/div>\n","protected":false},"excerpt":{"rendered":"<p>Descubre el cepillo Revlon XL, tu aliado ideal para el cuidado del cabello largo. Con su dise\u00f1o innovador, este cepillo no solo facilita el peinado, sino que t\u2026<\/p>\n","protected":false},"featured_media":2284,"comment_status":"closed","ping_status":"open","template":"","meta":{"_eb_attr":""},"product_brand":[],"product_cat":[101],"product_tag":[],"class_list":{"0":"post-2207","1":"product","2":"type-product","3":"status-publish","4":"has-post-thumbnail","6":"product_cat-cepillos","8":"first","9":"instock","10":"product-type-simple"},"_links":{"self":[{"href":"https:\/\/lobus.cl\/online\/revlon\/wp-json\/wp\/v2\/product\/2207","targetHints":{"allow":["GET"]}}],"collection":[{"href":"https:\/\/lobus.cl\/online\/revlon\/wp-json\/wp\/v2\/product"}],"about":[{"href":"https:\/\/lobus.cl\/online\/revlon\/wp-json\/wp\/v2\/types\/product"}],"replies":[{"embeddable":true,"href":"https:\/\/lobus.cl\/online\/revlon\/wp-json\/wp\/v2\/comments?post=2207"}],"wp:featuredmedia":[{"embeddable":true,"href":"https:\/\/lobus.cl\/online\/revlon\/wp-json\/wp\/v2\/media\/2284"}],"wp:attachment":[{"href":"https:\/\/lobus.cl\/online\/revlon\/wp-json\/wp\/v2\/media?parent=2207"}],"wp:term":[{"taxonomy":"product_brand","embeddable":true,"href":"https:\/\/lobus.cl\/online\/revlon\/wp-json\/wp\/v2\/product_brand?post=2207"},{"taxonomy":"product_cat","embeddable":true,"href":"https:\/\/lobus.cl\/online\/revlon\/wp-json\/wp\/v2\/product_cat?post=2207"},{"taxonomy":"product_tag","embeddable":true,"href":"https:\/\/lobus.cl\/online\/revlon\/wp-json\/wp\/v2\/product_tag?post=2207"}],"curies":[{"name":"wp","href":"https:\/\/api.w.org\/{rel}","templated":true}]}}