{"id":2206,"date":"2025-08-25T11:57:13","date_gmt":"2025-08-25T09:57:13","guid":{"rendered":"https:\/\/lobus.cl\/online\/revlon\/producto\/set-revlon-de-peines-ionicos\/"},"modified":"2025-08-25T19:03:58","modified_gmt":"2025-08-25T17:03:58","slug":"set-revlon-de-peines-ionicos","status":"publish","type":"product","link":"https:\/\/lobus.cl\/online\/revlon\/producto\/set-revlon-de-peines-ionicos\/","title":{"rendered":"Set Revlon De Peines I\u00f3nicos"},"content":{"rendered":"<div class=\"descripcion\">\n<p><strong>Set Revlon De Peines I\u00f3nicos<\/strong><\/p>\n<p>Tecnolog\u00eda I\u00f3nica\u00ae Ayudan a secar el cabello r\u00e1pidamente y reduce el frizzTecnolog\u00eda Cer\u00e1mica Para una distribuci\u00f3n uniforme del calor, creando un cabello m\u00e1s brillante y saludableDesenredaSeccionaCrea volumen3 peinesCompra m\u00ednima 1 displayDisplay de 12 Unidades<\/p>\n<\/div>\n","protected":false},"excerpt":{"rendered":"<p>\u00a1Transforma tu rutina diaria de cuidado del cabello con el set de peines i\u00f3nicos! Sum\u00e9rgete en una experiencia \u00fanica de belleza y bienestar mientras liberas tu\u2026<\/p>\n","protected":false},"featured_media":2281,"comment_status":"closed","ping_status":"open","template":"","meta":{"_eb_attr":""},"product_brand":[],"product_cat":[102],"product_tag":[],"class_list":{"0":"post-2206","1":"product","2":"type-product","3":"status-publish","4":"has-post-thumbnail","6":"product_cat-peines","8":"first","9":"instock","10":"product-type-simple"},"_links":{"self":[{"href":"https:\/\/lobus.cl\/online\/revlon\/wp-json\/wp\/v2\/product\/2206","targetHints":{"allow":["GET"]}}],"collection":[{"href":"https:\/\/lobus.cl\/online\/revlon\/wp-json\/wp\/v2\/product"}],"about":[{"href":"https:\/\/lobus.cl\/online\/revlon\/wp-json\/wp\/v2\/types\/product"}],"replies":[{"embeddable":true,"href":"https:\/\/lobus.cl\/online\/revlon\/wp-json\/wp\/v2\/comments?post=2206"}],"wp:featuredmedia":[{"embeddable":true,"href":"https:\/\/lobus.cl\/online\/revlon\/wp-json\/wp\/v2\/media\/2281"}],"wp:attachment":[{"href":"https:\/\/lobus.cl\/online\/revlon\/wp-json\/wp\/v2\/media?parent=2206"}],"wp:term":[{"taxonomy":"product_brand","embeddable":true,"href":"https:\/\/lobus.cl\/online\/revlon\/wp-json\/wp\/v2\/product_brand?post=2206"},{"taxonomy":"product_cat","embeddable":true,"href":"https:\/\/lobus.cl\/online\/revlon\/wp-json\/wp\/v2\/product_cat?post=2206"},{"taxonomy":"product_tag","embeddable":true,"href":"https:\/\/lobus.cl\/online\/revlon\/wp-json\/wp\/v2\/product_tag?post=2206"}],"curies":[{"name":"wp","href":"https:\/\/api.w.org\/{rel}","templated":true}]}}