{"id":2204,"date":"2025-08-25T11:57:13","date_gmt":"2025-08-25T09:57:13","guid":{"rendered":"https:\/\/lobus.cl\/online\/revlon\/producto\/cepillo-revlon-mediano-puercoespin-1-%c2%be\/"},"modified":"2025-08-25T19:03:58","modified_gmt":"2025-08-25T17:03:58","slug":"cepillo-revlon-mediano-puercoespin-1-%c2%be","status":"publish","type":"product","link":"https:\/\/lobus.cl\/online\/revlon\/producto\/cepillo-revlon-mediano-puercoespin-1-%c2%be\/","title":{"rendered":"Cepillo Revlon Mediano Puercoesp\u00edn 1 \u00be\u201d"},"content":{"rendered":"<div class=\"descripcion\">\n<p><strong>Cepillo Revlon Mediano Puercoesp\u00edn 1 \u00be\u201d<\/strong><\/p>\n<p>Barril de 1 \u00be\u201d ideal para crear ondas suavesIdeal para cabello de medio a largoPara lograr un blowout incre\u00edble o un estilo ultra lacioC\u00f3modo mango de goma para un estilo f\u00e1cil Tecnolog\u00eda Cer\u00e1micaAumenta el brilloCompra m\u00ednima 1 displayDisplay de 12 Unidades<\/p>\n<\/div>\n","protected":false},"excerpt":{"rendered":"<p>Consigue resultados profesionales desde la comodidad de tu hogar con el Cepillo Mediano Revlon Puercoesp\u00edn. \u00a1Descubre la diferencia en tu rutina de peinado hoy\u2026<\/p>\n","protected":false},"featured_media":2274,"comment_status":"closed","ping_status":"open","template":"","meta":{"_eb_attr":""},"product_brand":[],"product_cat":[101],"product_tag":[],"class_list":{"0":"post-2204","1":"product","2":"type-product","3":"status-publish","4":"has-post-thumbnail","6":"product_cat-cepillos","8":"first","9":"instock","10":"product-type-simple"},"_links":{"self":[{"href":"https:\/\/lobus.cl\/online\/revlon\/wp-json\/wp\/v2\/product\/2204","targetHints":{"allow":["GET"]}}],"collection":[{"href":"https:\/\/lobus.cl\/online\/revlon\/wp-json\/wp\/v2\/product"}],"about":[{"href":"https:\/\/lobus.cl\/online\/revlon\/wp-json\/wp\/v2\/types\/product"}],"replies":[{"embeddable":true,"href":"https:\/\/lobus.cl\/online\/revlon\/wp-json\/wp\/v2\/comments?post=2204"}],"wp:featuredmedia":[{"embeddable":true,"href":"https:\/\/lobus.cl\/online\/revlon\/wp-json\/wp\/v2\/media\/2274"}],"wp:attachment":[{"href":"https:\/\/lobus.cl\/online\/revlon\/wp-json\/wp\/v2\/media?parent=2204"}],"wp:term":[{"taxonomy":"product_brand","embeddable":true,"href":"https:\/\/lobus.cl\/online\/revlon\/wp-json\/wp\/v2\/product_brand?post=2204"},{"taxonomy":"product_cat","embeddable":true,"href":"https:\/\/lobus.cl\/online\/revlon\/wp-json\/wp\/v2\/product_cat?post=2204"},{"taxonomy":"product_tag","embeddable":true,"href":"https:\/\/lobus.cl\/online\/revlon\/wp-json\/wp\/v2\/product_tag?post=2204"}],"curies":[{"name":"wp","href":"https:\/\/api.w.org\/{rel}","templated":true}]}}