{"id":2197,"date":"2025-08-25T11:57:13","date_gmt":"2025-08-25T09:57:13","guid":{"rendered":"https:\/\/lobus.cl\/online\/revlon\/producto\/set-de-3-peines-revlon-2-de-cola-y-1-estandar\/"},"modified":"2025-08-25T19:03:57","modified_gmt":"2025-08-25T17:03:57","slug":"set-de-3-peines-revlon-2-de-cola-y-1-estandar","status":"publish","type":"product","link":"https:\/\/lobus.cl\/online\/revlon\/producto\/set-de-3-peines-revlon-2-de-cola-y-1-estandar\/","title":{"rendered":"Set De 3 Peines Revlon, 2 De Cola Y 1 Est\u00e1ndar"},"content":{"rendered":"<div class=\"descripcion\">\n<p><strong>Set De 3 Peines Revlon, 2 De Cola Y 1 Est\u00e1ndar<\/strong><\/p>\n<p>Compra m\u00ednima 1 displayDisplay de 12 Unidades<\/p>\n<p>El set de 3 peines pertenece a la l\u00ednea ESSENCIALS2 de cola y 1 peine standard.Use el de cola para seccionar y separar el cabello.3 Peines perfectos para peinar y desenredar Antiest\u00e1tica<\/p>\n<\/div>\n","protected":false},"excerpt":{"rendered":"<p>Con nuestro set de 3 peinetas, tendr\u00e1s la soluci\u00f3n perfecta para cada necesidad de peinado. Desde la peineta de dientes anchos para desenredar despu\u00e9s de la du\u2026<\/p>\n","protected":false},"featured_media":2250,"comment_status":"closed","ping_status":"open","template":"","meta":{"_eb_attr":""},"product_brand":[],"product_cat":[102],"product_tag":[],"class_list":{"0":"post-2197","1":"product","2":"type-product","3":"status-publish","4":"has-post-thumbnail","6":"product_cat-peines","8":"first","9":"instock","10":"product-type-simple"},"_links":{"self":[{"href":"https:\/\/lobus.cl\/online\/revlon\/wp-json\/wp\/v2\/product\/2197","targetHints":{"allow":["GET"]}}],"collection":[{"href":"https:\/\/lobus.cl\/online\/revlon\/wp-json\/wp\/v2\/product"}],"about":[{"href":"https:\/\/lobus.cl\/online\/revlon\/wp-json\/wp\/v2\/types\/product"}],"replies":[{"embeddable":true,"href":"https:\/\/lobus.cl\/online\/revlon\/wp-json\/wp\/v2\/comments?post=2197"}],"wp:featuredmedia":[{"embeddable":true,"href":"https:\/\/lobus.cl\/online\/revlon\/wp-json\/wp\/v2\/media\/2250"}],"wp:attachment":[{"href":"https:\/\/lobus.cl\/online\/revlon\/wp-json\/wp\/v2\/media?parent=2197"}],"wp:term":[{"taxonomy":"product_brand","embeddable":true,"href":"https:\/\/lobus.cl\/online\/revlon\/wp-json\/wp\/v2\/product_brand?post=2197"},{"taxonomy":"product_cat","embeddable":true,"href":"https:\/\/lobus.cl\/online\/revlon\/wp-json\/wp\/v2\/product_cat?post=2197"},{"taxonomy":"product_tag","embeddable":true,"href":"https:\/\/lobus.cl\/online\/revlon\/wp-json\/wp\/v2\/product_tag?post=2197"}],"curies":[{"name":"wp","href":"https:\/\/api.w.org\/{rel}","templated":true}]}}