{"id":2196,"date":"2025-08-25T11:57:13","date_gmt":"2025-08-25T09:57:13","guid":{"rendered":"https:\/\/lobus.cl\/online\/revlon\/producto\/cepillo-revlon-acolchado-de-nylon\/"},"modified":"2025-08-25T19:03:57","modified_gmt":"2025-08-25T17:03:57","slug":"cepillo-revlon-acolchado-de-nylon","status":"publish","type":"product","link":"https:\/\/lobus.cl\/online\/revlon\/producto\/cepillo-revlon-acolchado-de-nylon\/","title":{"rendered":"Cepillo Revlon Acolchado De Nylon"},"content":{"rendered":"<div class=\"descripcion\">\n<p><strong>Cepillo Revlon Acolchado De Nylon<\/strong><\/p>\n<p>Compra m\u00ednima 1 displayDisplay de 12 Unidades<\/p>\n<p>Tecnolog\u00eda I\u00f3nica para reducir el frizzMango de goma para un agarre firmeEfecto masajeador gracias a su base acolchonadaAcondiciona, suaviza y hace que el cabello brille Perfecto para cabello mediano largo<\/p>\n<\/div>\n","protected":false},"excerpt":{"rendered":"<p>Logra un cabello m\u00e1s suave y sin frizz con nuestro cepillo alcolchado de nylon, equipado con la \u00faltima tecnolog\u00eda i\u00f3nica. Su mango de goma te proporciona un ag\u2026<\/p>\n","protected":false},"featured_media":2247,"comment_status":"closed","ping_status":"open","template":"","meta":{"_eb_attr":""},"product_brand":[],"product_cat":[101],"product_tag":[],"class_list":{"0":"post-2196","1":"product","2":"type-product","3":"status-publish","4":"has-post-thumbnail","6":"product_cat-cepillos","8":"first","9":"instock","10":"product-type-simple"},"_links":{"self":[{"href":"https:\/\/lobus.cl\/online\/revlon\/wp-json\/wp\/v2\/product\/2196","targetHints":{"allow":["GET"]}}],"collection":[{"href":"https:\/\/lobus.cl\/online\/revlon\/wp-json\/wp\/v2\/product"}],"about":[{"href":"https:\/\/lobus.cl\/online\/revlon\/wp-json\/wp\/v2\/types\/product"}],"replies":[{"embeddable":true,"href":"https:\/\/lobus.cl\/online\/revlon\/wp-json\/wp\/v2\/comments?post=2196"}],"wp:featuredmedia":[{"embeddable":true,"href":"https:\/\/lobus.cl\/online\/revlon\/wp-json\/wp\/v2\/media\/2247"}],"wp:attachment":[{"href":"https:\/\/lobus.cl\/online\/revlon\/wp-json\/wp\/v2\/media?parent=2196"}],"wp:term":[{"taxonomy":"product_brand","embeddable":true,"href":"https:\/\/lobus.cl\/online\/revlon\/wp-json\/wp\/v2\/product_brand?post=2196"},{"taxonomy":"product_cat","embeddable":true,"href":"https:\/\/lobus.cl\/online\/revlon\/wp-json\/wp\/v2\/product_cat?post=2196"},{"taxonomy":"product_tag","embeddable":true,"href":"https:\/\/lobus.cl\/online\/revlon\/wp-json\/wp\/v2\/product_tag?post=2196"}],"curies":[{"name":"wp","href":"https:\/\/api.w.org\/{rel}","templated":true}]}}